{"id":16304,"date":"2025-05-14T19:22:35","date_gmt":"2025-05-14T19:22:35","guid":{"rendered":"https:\/\/www.3dentodontologia.com\/?post_type=product&#038;p=16304"},"modified":"2025-05-14T19:22:36","modified_gmt":"2025-05-14T19:22:36","slug":"coronas-dentales","status":"publish","type":"product","link":"https:\/\/www.3dentodontologia.com\/ru\/producto\/coronas-dentales\/","title":{"rendered":"Coronas dentales"},"content":{"rendered":"<p>Recupera tus dientes perdidos con coronas dentales fijas hechas en Zirconio de alta pureza del mismo color natural de tus dientes.El valor indicado corresponde a una pieza dental y previa valoraci\u00f3n cl\u00ednica y radiogr\u00e1fica. incluye radiograf\u00eda periapical<\/p>\n","protected":false},"excerpt":{"rendered":"<blockquote><p><strong>Recupera tus dientes perdidos con coronas dentales fijas hechas en Zirconio de alta pureza del mismo color natural de tus dientes.El valor indicado corresponde a una pieza dental y previa valoraci\u00f3n cl\u00ednica y radiogr\u00e1fica. incluye radiograf\u00eda periapical<\/strong><\/p><\/blockquote>\n","protected":false},"featured_media":0,"comment_status":"open","ping_status":"closed","template":"","meta":{"_joinchat":[]},"product_brand":[],"product_cat":[71],"product_tag":[],"class_list":{"0":"post-16304","1":"product","2":"type-product","3":"status-publish","5":"product_cat-3dent-odontologia","7":"first","8":"instock","9":"sale","10":"shipping-taxable","11":"purchasable","12":"product-type-simple"},"translation":{"provider":"WPGlobus","version":"3.0.0","language":"ru","enabled_languages":["en","es","de","fr","ru"],"languages":{"en":{"title":true,"content":true,"excerpt":true},"es":{"title":false,"content":false,"excerpt":false},"de":{"title":false,"content":false,"excerpt":false},"fr":{"title":false,"content":false,"excerpt":false},"ru":{"title":false,"content":false,"excerpt":false}}},"_links":{"self":[{"href":"https:\/\/www.3dentodontologia.com\/ru\/wp-json\/wp\/v2\/product\/16304","targetHints":{"allow":["GET"]}}],"collection":[{"href":"https:\/\/www.3dentodontologia.com\/ru\/wp-json\/wp\/v2\/product"}],"about":[{"href":"https:\/\/www.3dentodontologia.com\/ru\/wp-json\/wp\/v2\/types\/product"}],"replies":[{"embeddable":true,"href":"https:\/\/www.3dentodontologia.com\/ru\/wp-json\/wp\/v2\/comments?post=16304"}],"version-history":[{"count":1,"href":"https:\/\/www.3dentodontologia.com\/ru\/wp-json\/wp\/v2\/product\/16304\/revisions"}],"predecessor-version":[{"id":16320,"href":"https:\/\/www.3dentodontologia.com\/ru\/wp-json\/wp\/v2\/product\/16304\/revisions\/16320"}],"wp:attachment":[{"href":"https:\/\/www.3dentodontologia.com\/ru\/wp-json\/wp\/v2\/media?parent=16304"}],"wp:term":[{"taxonomy":"product_brand","embeddable":true,"href":"https:\/\/www.3dentodontologia.com\/ru\/wp-json\/wp\/v2\/product_brand?post=16304"},{"taxonomy":"product_cat","embeddable":true,"href":"https:\/\/www.3dentodontologia.com\/ru\/wp-json\/wp\/v2\/product_cat?post=16304"},{"taxonomy":"product_tag","embeddable":true,"href":"https:\/\/www.3dentodontologia.com\/ru\/wp-json\/wp\/v2\/product_tag?post=16304"}],"curies":[{"name":"wp","href":"https:\/\/api.w.org\/{rel}","templated":true}]}}