{"id":16280,"date":"2025-05-14T19:19:14","date_gmt":"2025-05-14T19:19:14","guid":{"rendered":"https:\/\/www.3dentodontologia.com\/?post_type=product&#038;p=16280"},"modified":"2025-05-14T19:19:14","modified_gmt":"2025-05-14T19:19:14","slug":"endodoncia-uniradicular","status":"publish","type":"product","link":"https:\/\/www.3dentodontologia.com\/ru\/producto\/endodoncia-uniradicular\/","title":{"rendered":"Endodoncia uniradicular"},"content":{"rendered":"<p>Realizado por endodoncista experto garantizando la calidad en el procedimiento. El valor corresponde a la endodoncia sobre 1 diente de 1 sola ra\u00edz. Incluye paquete radiogr\u00e1fico: antes, durante y despu\u00e9s de la cirug\u00eda, no incluye resina o procesos adicionales.<\/p>\n","protected":false},"excerpt":{"rendered":"<p>Realizado por endodoncista experto garantizando la calidad en el procedimiento. El valor corresponde a la endodoncia sobre 1 diente de 1 sola ra\u00edz. Incluye paquete radiogr\u00e1fico: antes, durante y despu\u00e9s de la cirug\u00eda, no incluye resina o procesos adicionales.<\/p>\n","protected":false},"featured_media":0,"comment_status":"open","ping_status":"closed","template":"","meta":{"_joinchat":[]},"product_brand":[],"product_cat":[71],"product_tag":[],"class_list":{"0":"post-16280","1":"product","2":"type-product","3":"status-publish","5":"product_cat-3dent-odontologia","7":"first","8":"instock","9":"sale","10":"shipping-taxable","11":"purchasable","12":"product-type-simple"},"translation":{"provider":"WPGlobus","version":"3.0.0","language":"ru","enabled_languages":["en","es","de","fr","ru"],"languages":{"en":{"title":true,"content":true,"excerpt":true},"es":{"title":false,"content":false,"excerpt":false},"de":{"title":false,"content":false,"excerpt":false},"fr":{"title":false,"content":false,"excerpt":false},"ru":{"title":false,"content":false,"excerpt":false}}},"_links":{"self":[{"href":"https:\/\/www.3dentodontologia.com\/ru\/wp-json\/wp\/v2\/product\/16280","targetHints":{"allow":["GET"]}}],"collection":[{"href":"https:\/\/www.3dentodontologia.com\/ru\/wp-json\/wp\/v2\/product"}],"about":[{"href":"https:\/\/www.3dentodontologia.com\/ru\/wp-json\/wp\/v2\/types\/product"}],"replies":[{"embeddable":true,"href":"https:\/\/www.3dentodontologia.com\/ru\/wp-json\/wp\/v2\/comments?post=16280"}],"version-history":[{"count":1,"href":"https:\/\/www.3dentodontologia.com\/ru\/wp-json\/wp\/v2\/product\/16280\/revisions"}],"predecessor-version":[{"id":16289,"href":"https:\/\/www.3dentodontologia.com\/ru\/wp-json\/wp\/v2\/product\/16280\/revisions\/16289"}],"wp:attachment":[{"href":"https:\/\/www.3dentodontologia.com\/ru\/wp-json\/wp\/v2\/media?parent=16280"}],"wp:term":[{"taxonomy":"product_brand","embeddable":true,"href":"https:\/\/www.3dentodontologia.com\/ru\/wp-json\/wp\/v2\/product_brand?post=16280"},{"taxonomy":"product_cat","embeddable":true,"href":"https:\/\/www.3dentodontologia.com\/ru\/wp-json\/wp\/v2\/product_cat?post=16280"},{"taxonomy":"product_tag","embeddable":true,"href":"https:\/\/www.3dentodontologia.com\/ru\/wp-json\/wp\/v2\/product_tag?post=16280"}],"curies":[{"name":"wp","href":"https:\/\/api.w.org\/{rel}","templated":true}]}}