{"id":16213,"date":"2025-05-14T19:07:51","date_gmt":"2025-05-14T19:07:51","guid":{"rendered":"https:\/\/www.3dentodontologia.com\/?post_type=product&#038;p=16213"},"modified":"2025-05-14T19:07:51","modified_gmt":"2025-05-14T19:07:51","slug":"limpieza-dental-preventiva","status":"publish","type":"product","link":"https:\/\/www.3dentodontologia.com\/ru\/producto\/limpieza-dental-preventiva\/","title":{"rendered":"Limpieza Dental Preventiva"},"content":{"rendered":"<p>Limpieza profesional realizada con ultrasonido, profijet (herramienta dental que emite polvillo de limpieza y agua para retirar impurezas en la superficie dental), cureta (una especie de esp\u00e1tula para retiros de c\u00e1lculos de forma manual) retiro de c\u00e1lculos entre enc\u00edas y dientes, desmanchado dental. Incluye valoraci\u00f3n cl\u00ednica de tu salud oral.<\/p>\n","protected":false},"excerpt":{"rendered":"<p>Limpieza profesional realizada con ultrasonido, profijet (herramienta dental que emite polvillo de limpieza y agua para retirar impurezas en la superficie dental), cureta (una especie de esp\u00e1tula para retiros de c\u00e1lculos de forma manual) retiro de c\u00e1lculos entre enc\u00edas y dientes, desmanchado dental. Incluye valoraci\u00f3n cl\u00ednica de tu salud oral.<\/p>\n","protected":false},"featured_media":0,"comment_status":"open","ping_status":"closed","template":"","meta":{"_joinchat":[]},"product_brand":[],"product_cat":[71],"product_tag":[],"class_list":{"0":"post-16213","1":"product","2":"type-product","3":"status-publish","5":"product_cat-3dent-odontologia","7":"first","8":"instock","9":"sale","10":"shipping-taxable","11":"purchasable","12":"product-type-simple"},"translation":{"provider":"WPGlobus","version":"3.0.0","language":"ru","enabled_languages":["en","es","de","fr","ru"],"languages":{"en":{"title":true,"content":true,"excerpt":true},"es":{"title":false,"content":false,"excerpt":false},"de":{"title":false,"content":false,"excerpt":false},"fr":{"title":false,"content":false,"excerpt":false},"ru":{"title":false,"content":false,"excerpt":false}}},"_links":{"self":[{"href":"https:\/\/www.3dentodontologia.com\/ru\/wp-json\/wp\/v2\/product\/16213","targetHints":{"allow":["GET"]}}],"collection":[{"href":"https:\/\/www.3dentodontologia.com\/ru\/wp-json\/wp\/v2\/product"}],"about":[{"href":"https:\/\/www.3dentodontologia.com\/ru\/wp-json\/wp\/v2\/types\/product"}],"replies":[{"embeddable":true,"href":"https:\/\/www.3dentodontologia.com\/ru\/wp-json\/wp\/v2\/comments?post=16213"}],"version-history":[{"count":1,"href":"https:\/\/www.3dentodontologia.com\/ru\/wp-json\/wp\/v2\/product\/16213\/revisions"}],"predecessor-version":[{"id":16226,"href":"https:\/\/www.3dentodontologia.com\/ru\/wp-json\/wp\/v2\/product\/16213\/revisions\/16226"}],"wp:attachment":[{"href":"https:\/\/www.3dentodontologia.com\/ru\/wp-json\/wp\/v2\/media?parent=16213"}],"wp:term":[{"taxonomy":"product_brand","embeddable":true,"href":"https:\/\/www.3dentodontologia.com\/ru\/wp-json\/wp\/v2\/product_brand?post=16213"},{"taxonomy":"product_cat","embeddable":true,"href":"https:\/\/www.3dentodontologia.com\/ru\/wp-json\/wp\/v2\/product_cat?post=16213"},{"taxonomy":"product_tag","embeddable":true,"href":"https:\/\/www.3dentodontologia.com\/ru\/wp-json\/wp\/v2\/product_tag?post=16213"}],"curies":[{"name":"wp","href":"https:\/\/api.w.org\/{rel}","templated":true}]}}