{"id":16201,"date":"2025-05-14T19:06:17","date_gmt":"2025-05-14T19:06:17","guid":{"rendered":"https:\/\/www.3dentodontologia.com\/?post_type=product&#038;p=16201"},"modified":"2025-05-14T19:06:17","modified_gmt":"2025-05-14T19:06:17","slug":"odontopediatria","status":"publish","type":"product","link":"https:\/\/www.3dentodontologia.com\/ru\/producto\/odontopediatria\/","title":{"rendered":"Odontopediatria"},"content":{"rendered":"<p>Valoraci\u00f3n general para ni\u00f1os hasta los 12 a\u00f1os. El valor del diagn\u00f3stico es deducible del tratamiento que requiere el infante. incluye valoracion por ortopedia Maxilar.<\/p>\n","protected":false},"excerpt":{"rendered":"<p>Valoraci\u00f3n general para ni\u00f1os hasta los 12 a\u00f1os. El valor del diagn\u00f3stico es deducible del tratamiento que requiere el infante. incluye valoracion por ortopedia Maxilar.<\/p>\n","protected":false},"featured_media":0,"comment_status":"open","ping_status":"closed","template":"","meta":{"_joinchat":[]},"product_brand":[],"product_cat":[71],"product_tag":[],"class_list":{"0":"post-16201","1":"product","2":"type-product","3":"status-publish","5":"product_cat-3dent-odontologia","7":"first","8":"instock","9":"sale","10":"shipping-taxable","11":"purchasable","12":"product-type-simple"},"translation":{"provider":"WPGlobus","version":"3.0.0","language":"ru","enabled_languages":["en","es","de","fr","ru"],"languages":{"en":{"title":true,"content":true,"excerpt":true},"es":{"title":false,"content":false,"excerpt":false},"de":{"title":false,"content":false,"excerpt":false},"fr":{"title":false,"content":false,"excerpt":false},"ru":{"title":false,"content":false,"excerpt":false}}},"_links":{"self":[{"href":"https:\/\/www.3dentodontologia.com\/ru\/wp-json\/wp\/v2\/product\/16201","targetHints":{"allow":["GET"]}}],"collection":[{"href":"https:\/\/www.3dentodontologia.com\/ru\/wp-json\/wp\/v2\/product"}],"about":[{"href":"https:\/\/www.3dentodontologia.com\/ru\/wp-json\/wp\/v2\/types\/product"}],"replies":[{"embeddable":true,"href":"https:\/\/www.3dentodontologia.com\/ru\/wp-json\/wp\/v2\/comments?post=16201"}],"version-history":[{"count":1,"href":"https:\/\/www.3dentodontologia.com\/ru\/wp-json\/wp\/v2\/product\/16201\/revisions"}],"predecessor-version":[{"id":16212,"href":"https:\/\/www.3dentodontologia.com\/ru\/wp-json\/wp\/v2\/product\/16201\/revisions\/16212"}],"wp:attachment":[{"href":"https:\/\/www.3dentodontologia.com\/ru\/wp-json\/wp\/v2\/media?parent=16201"}],"wp:term":[{"taxonomy":"product_brand","embeddable":true,"href":"https:\/\/www.3dentodontologia.com\/ru\/wp-json\/wp\/v2\/product_brand?post=16201"},{"taxonomy":"product_cat","embeddable":true,"href":"https:\/\/www.3dentodontologia.com\/ru\/wp-json\/wp\/v2\/product_cat?post=16201"},{"taxonomy":"product_tag","embeddable":true,"href":"https:\/\/www.3dentodontologia.com\/ru\/wp-json\/wp\/v2\/product_tag?post=16201"}],"curies":[{"name":"wp","href":"https:\/\/api.w.org\/{rel}","templated":true}]}}