{"id":16048,"date":"2025-05-14T16:09:31","date_gmt":"2025-05-14T16:09:31","guid":{"rendered":"https:\/\/www.3dentodontologia.com\/?post_type=product&#038;p=16048"},"modified":"2025-05-14T16:09:31","modified_gmt":"2025-05-14T16:09:31","slug":"protesis-dental-con-estructura-metalica","status":"publish","type":"product","link":"https:\/\/www.3dentodontologia.com\/ru\/producto\/protesis-dental-con-estructura-metalica\/","title":{"rendered":"Protesis Dental Con Estructura Metalica"},"content":{"rendered":"<p>Pr\u00f3tesis m\u00e1s estable y duradera del mercado. Sus materiales son biocompatibles (plata paladio de alta pureza) Seg\u00fan su cuidado y la salud del paciente puede durar toda la vida.<\/p>\n","protected":false},"excerpt":{"rendered":"<p>Pr\u00f3tesis m\u00e1s estable y duradera del mercado. Sus materiales son biocompatibles (plata paladio de alta pureza) Seg\u00fan su cuidado y la salud del paciente puede durar toda la vida.<\/p>\n","protected":false},"featured_media":0,"comment_status":"open","ping_status":"closed","template":"","meta":{"_joinchat":[]},"product_brand":[],"product_cat":[71],"product_tag":[],"class_list":{"0":"post-16048","1":"product","2":"type-product","3":"status-publish","5":"product_cat-3dent-odontologia","7":"first","8":"instock","9":"sale","10":"shipping-taxable","11":"purchasable","12":"product-type-simple"},"translation":{"provider":"WPGlobus","version":"3.0.0","language":"ru","enabled_languages":["en","es","de","fr","ru"],"languages":{"en":{"title":true,"content":true,"excerpt":true},"es":{"title":false,"content":false,"excerpt":false},"de":{"title":false,"content":false,"excerpt":false},"fr":{"title":false,"content":false,"excerpt":false},"ru":{"title":false,"content":false,"excerpt":false}}},"_links":{"self":[{"href":"https:\/\/www.3dentodontologia.com\/ru\/wp-json\/wp\/v2\/product\/16048","targetHints":{"allow":["GET"]}}],"collection":[{"href":"https:\/\/www.3dentodontologia.com\/ru\/wp-json\/wp\/v2\/product"}],"about":[{"href":"https:\/\/www.3dentodontologia.com\/ru\/wp-json\/wp\/v2\/types\/product"}],"replies":[{"embeddable":true,"href":"https:\/\/www.3dentodontologia.com\/ru\/wp-json\/wp\/v2\/comments?post=16048"}],"version-history":[{"count":1,"href":"https:\/\/www.3dentodontologia.com\/ru\/wp-json\/wp\/v2\/product\/16048\/revisions"}],"predecessor-version":[{"id":16067,"href":"https:\/\/www.3dentodontologia.com\/ru\/wp-json\/wp\/v2\/product\/16048\/revisions\/16067"}],"wp:attachment":[{"href":"https:\/\/www.3dentodontologia.com\/ru\/wp-json\/wp\/v2\/media?parent=16048"}],"wp:term":[{"taxonomy":"product_brand","embeddable":true,"href":"https:\/\/www.3dentodontologia.com\/ru\/wp-json\/wp\/v2\/product_brand?post=16048"},{"taxonomy":"product_cat","embeddable":true,"href":"https:\/\/www.3dentodontologia.com\/ru\/wp-json\/wp\/v2\/product_cat?post=16048"},{"taxonomy":"product_tag","embeddable":true,"href":"https:\/\/www.3dentodontologia.com\/ru\/wp-json\/wp\/v2\/product_tag?post=16048"}],"curies":[{"name":"wp","href":"https:\/\/api.w.org\/{rel}","templated":true}]}}