{"id":15698,"date":"2025-02-24T19:25:15","date_gmt":"2025-02-24T19:25:15","guid":{"rendered":"https:\/\/www.3dentodontologia.com\/?post_type=product&#038;p=15698"},"modified":"2025-02-24T22:54:21","modified_gmt":"2025-02-24T22:54:21","slug":"ortodoncia-retoma","status":"publish","type":"product","link":"https:\/\/www.3dentodontologia.com\/ru\/producto\/ortodoncia-retoma\/","title":{"rendered":"Ortodoncia-Retoma"},"content":{"rendered":"<p>contin\u00faa tu ortodoncia con nosotros con los mismos brackets el valor incluye limpieza profunda, radiograf\u00edas panor\u00e1mica y periapical y,diagn\u00f3stico cl\u00ednico general. ( el valor no,incluye valor del control y reparaciones)<\/p>\n","protected":false},"excerpt":{"rendered":"<p>contin\u00faa tu ortodoncia con nosotros con los mismos brackets el valor incluye limpieza profunda, radiograf\u00edas panor\u00e1mica y periapical y,diagn\u00f3stico cl\u00ednico<\/p>\n","protected":false},"featured_media":15711,"comment_status":"open","ping_status":"closed","template":"","meta":{"_joinchat":[]},"product_brand":[],"product_cat":[71],"product_tag":[],"class_list":{"0":"post-15698","1":"product","2":"type-product","3":"status-publish","4":"has-post-thumbnail","6":"product_cat-3dent-odontologia","8":"first","9":"instock","10":"sale","11":"shipping-taxable","12":"purchasable","13":"product-type-simple"},"translation":{"provider":"WPGlobus","version":"3.0.0","language":"ru","enabled_languages":["en","es","de","fr","ru"],"languages":{"en":{"title":true,"content":true,"excerpt":false},"es":{"title":false,"content":false,"excerpt":false},"de":{"title":false,"content":false,"excerpt":false},"fr":{"title":false,"content":false,"excerpt":false},"ru":{"title":false,"content":false,"excerpt":false}}},"_links":{"self":[{"href":"https:\/\/www.3dentodontologia.com\/ru\/wp-json\/wp\/v2\/product\/15698","targetHints":{"allow":["GET"]}}],"collection":[{"href":"https:\/\/www.3dentodontologia.com\/ru\/wp-json\/wp\/v2\/product"}],"about":[{"href":"https:\/\/www.3dentodontologia.com\/ru\/wp-json\/wp\/v2\/types\/product"}],"replies":[{"embeddable":true,"href":"https:\/\/www.3dentodontologia.com\/ru\/wp-json\/wp\/v2\/comments?post=15698"}],"version-history":[{"count":2,"href":"https:\/\/www.3dentodontologia.com\/ru\/wp-json\/wp\/v2\/product\/15698\/revisions"}],"predecessor-version":[{"id":15832,"href":"https:\/\/www.3dentodontologia.com\/ru\/wp-json\/wp\/v2\/product\/15698\/revisions\/15832"}],"wp:featuredmedia":[{"embeddable":true,"href":"https:\/\/www.3dentodontologia.com\/ru\/wp-json\/wp\/v2\/media\/15711"}],"wp:attachment":[{"href":"https:\/\/www.3dentodontologia.com\/ru\/wp-json\/wp\/v2\/media?parent=15698"}],"wp:term":[{"taxonomy":"product_brand","embeddable":true,"href":"https:\/\/www.3dentodontologia.com\/ru\/wp-json\/wp\/v2\/product_brand?post=15698"},{"taxonomy":"product_cat","embeddable":true,"href":"https:\/\/www.3dentodontologia.com\/ru\/wp-json\/wp\/v2\/product_cat?post=15698"},{"taxonomy":"product_tag","embeddable":true,"href":"https:\/\/www.3dentodontologia.com\/ru\/wp-json\/wp\/v2\/product_tag?post=15698"}],"curies":[{"name":"wp","href":"https:\/\/api.w.org\/{rel}","templated":true}]}}