{"id":15692,"date":"2025-02-24T19:23:01","date_gmt":"2025-02-24T19:23:01","guid":{"rendered":"https:\/\/www.3dentodontologia.com\/?post_type=product&#038;p=15692"},"modified":"2025-02-24T23:00:37","modified_gmt":"2025-02-24T23:00:37","slug":"desfocalizacion-dental-profunda","status":"publish","type":"product","link":"https:\/\/www.3dentodontologia.com\/ru\/producto\/desfocalizacion-dental-profunda\/","title":{"rendered":"Desfocalizaci\u00f3n dental profunda"},"content":{"rendered":"<p>En este proceso que deber\u00edamos realizar todas las personas como m\u00ednimo 2 veces al a\u00f1o, desinflamar las encias, desmancha los dientes del zarro devolviendo la salud y buen aliento a dem\u00e1s de una mejor presentaci\u00f3n de tu sonrisa \u263a\ufe0f<\/p>\n","protected":false},"excerpt":{"rendered":"<p>En este proceso que deber\u00edamos realizar todas las personas como m\u00ednimo 2 veces al a\u00f1o, desinflamar las encias, desmancha los<\/p>\n","protected":false},"featured_media":15835,"comment_status":"open","ping_status":"closed","template":"","meta":{"_joinchat":[]},"product_brand":[],"product_cat":[71],"product_tag":[],"class_list":{"0":"post-15692","1":"product","2":"type-product","3":"status-publish","4":"has-post-thumbnail","6":"product_cat-3dent-odontologia","8":"first","9":"instock","10":"shipping-taxable","11":"purchasable","12":"product-type-simple"},"translation":{"provider":"WPGlobus","version":"3.0.0","language":"ru","enabled_languages":["en","es","de","fr","ru"],"languages":{"en":{"title":true,"content":true,"excerpt":false},"es":{"title":false,"content":false,"excerpt":false},"de":{"title":false,"content":false,"excerpt":false},"fr":{"title":false,"content":false,"excerpt":false},"ru":{"title":false,"content":false,"excerpt":false}}},"_links":{"self":[{"href":"https:\/\/www.3dentodontologia.com\/ru\/wp-json\/wp\/v2\/product\/15692","targetHints":{"allow":["GET"]}}],"collection":[{"href":"https:\/\/www.3dentodontologia.com\/ru\/wp-json\/wp\/v2\/product"}],"about":[{"href":"https:\/\/www.3dentodontologia.com\/ru\/wp-json\/wp\/v2\/types\/product"}],"replies":[{"embeddable":true,"href":"https:\/\/www.3dentodontologia.com\/ru\/wp-json\/wp\/v2\/comments?post=15692"}],"version-history":[{"count":2,"href":"https:\/\/www.3dentodontologia.com\/ru\/wp-json\/wp\/v2\/product\/15692\/revisions"}],"predecessor-version":[{"id":15829,"href":"https:\/\/www.3dentodontologia.com\/ru\/wp-json\/wp\/v2\/product\/15692\/revisions\/15829"}],"wp:featuredmedia":[{"embeddable":true,"href":"https:\/\/www.3dentodontologia.com\/ru\/wp-json\/wp\/v2\/media\/15835"}],"wp:attachment":[{"href":"https:\/\/www.3dentodontologia.com\/ru\/wp-json\/wp\/v2\/media?parent=15692"}],"wp:term":[{"taxonomy":"product_brand","embeddable":true,"href":"https:\/\/www.3dentodontologia.com\/ru\/wp-json\/wp\/v2\/product_brand?post=15692"},{"taxonomy":"product_cat","embeddable":true,"href":"https:\/\/www.3dentodontologia.com\/ru\/wp-json\/wp\/v2\/product_cat?post=15692"},{"taxonomy":"product_tag","embeddable":true,"href":"https:\/\/www.3dentodontologia.com\/ru\/wp-json\/wp\/v2\/product_tag?post=15692"}],"curies":[{"name":"wp","href":"https:\/\/api.w.org\/{rel}","templated":true}]}}