{"id":16122,"date":"2025-05-14T17:49:10","date_gmt":"2025-05-14T17:49:10","guid":{"rendered":"https:\/\/www.3dentodontologia.com\/?post_type=product&#038;p=16122"},"modified":"2025-05-14T17:49:10","modified_gmt":"2025-05-14T17:49:10","slug":"brackets-zafiro-montaje","status":"publish","type":"product","link":"https:\/\/www.3dentodontologia.com\/es\/producto\/brackets-zafiro-montaje\/","title":{"rendered":"Brackets Zafiro Montaje"},"content":{"rendered":"<p>-Valoraci\u00f3n<br \/>\n-Kit de higiene (cepillo profil\u00e1ctico, crema dental especial antigingivitis, cepillo interproximal, cepillo especial ortodoncia, enhebradores dentales, cera, ceda dental)<br \/>\n-Paquete radiogr\u00e1fico (panor\u00e1mica, perfil, estudio cefalom\u00e9trico 8 fotos intraorales y extraorales,<br \/>\n-El tratamiento requiere 24 controles mensuales por separado, valor cada control 110 mil<br \/>\n-No incluye retenedores ni retiro de Brackets.<\/p>\n","protected":false},"excerpt":{"rendered":"<p>-Valoraci\u00f3n<br \/>\n-Kit de higiene (cepillo profil\u00e1ctico, crema dental especial antigingivitis, cepillo interproximal, cepillo especial ortodoncia, enhebradores dentales, cera, ceda dental)<br \/>\n-Paquete radiogr\u00e1fico (panor\u00e1mica, perfil, estudio cefalom\u00e9trico 8 fotos intraorales y extraorales,<br \/>\n-El tratamiento requiere 24 controles mensuales por separado, valor cada control 110 mil<br \/>\n-No incluye retenedores ni retiro de Brackets.<\/p>\n","protected":false},"featured_media":0,"comment_status":"open","ping_status":"closed","template":"","meta":{"_joinchat":[]},"product_brand":[],"product_cat":[71],"product_tag":[],"class_list":{"0":"post-16122","1":"product","2":"type-product","3":"status-publish","5":"product_cat-3dent-odontologia","7":"first","8":"instock","9":"sale","10":"shipping-taxable","11":"purchasable","12":"product-type-simple"},"translation":{"provider":"WPGlobus","version":"3.0.0","language":"es","enabled_languages":["en","es","de","fr","ru"],"languages":{"en":{"title":true,"content":true,"excerpt":true},"es":{"title":false,"content":false,"excerpt":false},"de":{"title":false,"content":false,"excerpt":false},"fr":{"title":false,"content":false,"excerpt":false},"ru":{"title":false,"content":false,"excerpt":false}}},"_links":{"self":[{"href":"https:\/\/www.3dentodontologia.com\/es\/wp-json\/wp\/v2\/product\/16122","targetHints":{"allow":["GET"]}}],"collection":[{"href":"https:\/\/www.3dentodontologia.com\/es\/wp-json\/wp\/v2\/product"}],"about":[{"href":"https:\/\/www.3dentodontologia.com\/es\/wp-json\/wp\/v2\/types\/product"}],"replies":[{"embeddable":true,"href":"https:\/\/www.3dentodontologia.com\/es\/wp-json\/wp\/v2\/comments?post=16122"}],"version-history":[{"count":1,"href":"https:\/\/www.3dentodontologia.com\/es\/wp-json\/wp\/v2\/product\/16122\/revisions"}],"predecessor-version":[{"id":16140,"href":"https:\/\/www.3dentodontologia.com\/es\/wp-json\/wp\/v2\/product\/16122\/revisions\/16140"}],"wp:attachment":[{"href":"https:\/\/www.3dentodontologia.com\/es\/wp-json\/wp\/v2\/media?parent=16122"}],"wp:term":[{"taxonomy":"product_brand","embeddable":true,"href":"https:\/\/www.3dentodontologia.com\/es\/wp-json\/wp\/v2\/product_brand?post=16122"},{"taxonomy":"product_cat","embeddable":true,"href":"https:\/\/www.3dentodontologia.com\/es\/wp-json\/wp\/v2\/product_cat?post=16122"},{"taxonomy":"product_tag","embeddable":true,"href":"https:\/\/www.3dentodontologia.com\/es\/wp-json\/wp\/v2\/product_tag?post=16122"}],"curies":[{"name":"wp","href":"https:\/\/api.w.org\/{rel}","templated":true}]}}