{"id":15696,"date":"2025-02-24T19:24:35","date_gmt":"2025-02-24T19:24:35","guid":{"rendered":"https:\/\/www.3dentodontologia.com\/?post_type=product&#038;p=15696"},"modified":"2025-05-14T17:25:43","modified_gmt":"2025-05-14T17:25:43","slug":"periodoncia","status":"publish","type":"product","link":"https:\/\/www.3dentodontologia.com\/es\/producto\/periodoncia\/","title":{"rendered":"Periodoncia consulta"},"content":{"rendered":"<p>Para casos donde hay movilidad en los dientes inflamacion y mal,aliento, es necesario adjuntar radiografia panor\u00e1mica resiente no inferior a 2 meses, para evaluar el estado de raiz y hueso, tipos de lesiones y bolsa periodontal, para planear el tratamiento y diagnosticar de forma adecuada.<\/p>\n<p>Este procedimiento requiere atenci\u00f3n experta, su duraci\u00f3n es de 30 a 40 minutos realizando medidas de bolsas periodontales, grados de movilidad dental y alturas en las crestas \u00f3seas. Luego de ello dictamina patolog\u00eda, plan de tratamiento, objetivos a alcanzar y precio de los mismos.<\/p>\n","protected":false},"excerpt":{"rendered":"<p>Este procedimiento requiere atenci\u00f3n experta, su duraci\u00f3n es de 30 a 40 minutos realizando medidas de bolsas periodontales, grados de movilidad dental y alturas en las crestas \u00f3seas. Luego de ello dictamina patolog\u00eda, plan de tratamiento, objetivos a alcanzar y precio de los mismos.<\/p>\n","protected":false},"featured_media":15833,"comment_status":"open","ping_status":"closed","template":"","meta":{"_joinchat":[]},"product_brand":[],"product_cat":[71],"product_tag":[],"class_list":{"0":"post-15696","1":"product","2":"type-product","3":"status-publish","4":"has-post-thumbnail","6":"product_cat-3dent-odontologia","8":"first","9":"instock","10":"sale","11":"shipping-taxable","12":"purchasable","13":"product-type-simple"},"translation":{"provider":"WPGlobus","version":"3.0.0","language":"es","enabled_languages":["en","es","de","fr","ru"],"languages":{"en":{"title":true,"content":true,"excerpt":true},"es":{"title":false,"content":false,"excerpt":false},"de":{"title":false,"content":false,"excerpt":false},"fr":{"title":false,"content":false,"excerpt":false},"ru":{"title":false,"content":false,"excerpt":false}}},"_links":{"self":[{"href":"https:\/\/www.3dentodontologia.com\/es\/wp-json\/wp\/v2\/product\/15696","targetHints":{"allow":["GET"]}}],"collection":[{"href":"https:\/\/www.3dentodontologia.com\/es\/wp-json\/wp\/v2\/product"}],"about":[{"href":"https:\/\/www.3dentodontologia.com\/es\/wp-json\/wp\/v2\/types\/product"}],"replies":[{"embeddable":true,"href":"https:\/\/www.3dentodontologia.com\/es\/wp-json\/wp\/v2\/comments?post=15696"}],"version-history":[{"count":4,"href":"https:\/\/www.3dentodontologia.com\/es\/wp-json\/wp\/v2\/product\/15696\/revisions"}],"predecessor-version":[{"id":16107,"href":"https:\/\/www.3dentodontologia.com\/es\/wp-json\/wp\/v2\/product\/15696\/revisions\/16107"}],"wp:featuredmedia":[{"embeddable":true,"href":"https:\/\/www.3dentodontologia.com\/es\/wp-json\/wp\/v2\/media\/15833"}],"wp:attachment":[{"href":"https:\/\/www.3dentodontologia.com\/es\/wp-json\/wp\/v2\/media?parent=15696"}],"wp:term":[{"taxonomy":"product_brand","embeddable":true,"href":"https:\/\/www.3dentodontologia.com\/es\/wp-json\/wp\/v2\/product_brand?post=15696"},{"taxonomy":"product_cat","embeddable":true,"href":"https:\/\/www.3dentodontologia.com\/es\/wp-json\/wp\/v2\/product_cat?post=15696"},{"taxonomy":"product_tag","embeddable":true,"href":"https:\/\/www.3dentodontologia.com\/es\/wp-json\/wp\/v2\/product_tag?post=15696"}],"curies":[{"name":"wp","href":"https:\/\/api.w.org\/{rel}","templated":true}]}}