{"id":16237,"date":"2025-05-14T19:11:10","date_gmt":"2025-05-14T19:11:10","guid":{"rendered":"https:\/\/www.3dentodontologia.com\/?post_type=product&#038;p=16237"},"modified":"2025-05-14T19:11:10","modified_gmt":"2025-05-14T19:11:10","slug":"implantes-dentales-en-2-fases","status":"publish","type":"product","link":"https:\/\/www.3dentodontologia.com\/de\/producto\/implantes-dentales-en-2-fases\/","title":{"rendered":"Implantes Dentales en 2 fases"},"content":{"rendered":"<p>Implantes en titanio de alta pureza, biocompatibles y con evidencia cient\u00edfica con durabilidad de 35 a\u00f1os o m\u00e1s. Se realiza en 2 fases. Fase 1: cirug\u00eda de implantaci\u00f3n en el hueso. Luego de 4 a 6 meses Fase 2: colocaci\u00f3n de corona. El valor corresponde a 1 implante, 1 ra\u00edz y 1 corona, Forma de pago: fase 1 $1.800.000 y Fase 2 $1.800.000.<\/p>\n","protected":false},"excerpt":{"rendered":"<p>Implantes en titanio de alta pureza, biocompatibles y con evidencia cient\u00edfica con durabilidad de 35 a\u00f1os o m\u00e1s. Se realiza en 2 fases. Fase 1: cirug\u00eda de implantaci\u00f3n en el hueso. Luego de 4 a 6 meses Fase 2: colocaci\u00f3n de corona. El valor corresponde a 1 implante, 1 ra\u00edz y 1 corona, Forma de pago: fase 1 $1.800.000 y Fase 2 $1.800.000.<\/p>\n","protected":false},"featured_media":0,"comment_status":"open","ping_status":"closed","template":"","meta":{"_joinchat":[]},"product_brand":[],"product_cat":[71],"product_tag":[],"class_list":{"0":"post-16237","1":"product","2":"type-product","3":"status-publish","5":"product_cat-3dent-odontologia","7":"first","8":"instock","9":"sale","10":"shipping-taxable","11":"purchasable","12":"product-type-simple"},"translation":{"provider":"WPGlobus","version":"3.0.0","language":"de","enabled_languages":["en","es","de","fr","ru"],"languages":{"en":{"title":true,"content":true,"excerpt":true},"es":{"title":false,"content":false,"excerpt":false},"de":{"title":false,"content":false,"excerpt":false},"fr":{"title":false,"content":false,"excerpt":false},"ru":{"title":false,"content":false,"excerpt":false}}},"_links":{"self":[{"href":"https:\/\/www.3dentodontologia.com\/de\/wp-json\/wp\/v2\/product\/16237","targetHints":{"allow":["GET"]}}],"collection":[{"href":"https:\/\/www.3dentodontologia.com\/de\/wp-json\/wp\/v2\/product"}],"about":[{"href":"https:\/\/www.3dentodontologia.com\/de\/wp-json\/wp\/v2\/types\/product"}],"replies":[{"embeddable":true,"href":"https:\/\/www.3dentodontologia.com\/de\/wp-json\/wp\/v2\/comments?post=16237"}],"version-history":[{"count":1,"href":"https:\/\/www.3dentodontologia.com\/de\/wp-json\/wp\/v2\/product\/16237\/revisions"}],"predecessor-version":[{"id":16250,"href":"https:\/\/www.3dentodontologia.com\/de\/wp-json\/wp\/v2\/product\/16237\/revisions\/16250"}],"wp:attachment":[{"href":"https:\/\/www.3dentodontologia.com\/de\/wp-json\/wp\/v2\/media?parent=16237"}],"wp:term":[{"taxonomy":"product_brand","embeddable":true,"href":"https:\/\/www.3dentodontologia.com\/de\/wp-json\/wp\/v2\/product_brand?post=16237"},{"taxonomy":"product_cat","embeddable":true,"href":"https:\/\/www.3dentodontologia.com\/de\/wp-json\/wp\/v2\/product_cat?post=16237"},{"taxonomy":"product_tag","embeddable":true,"href":"https:\/\/www.3dentodontologia.com\/de\/wp-json\/wp\/v2\/product_tag?post=16237"}],"curies":[{"name":"wp","href":"https:\/\/api.w.org\/{rel}","templated":true}]}}